{"id":828,"date":"2024-12-31T16:08:36","date_gmt":"2024-12-31T16:08:36","guid":{"rendered":"https:\/\/els-journal.net\/wp\/about\/"},"modified":"2024-12-31T16:57:31","modified_gmt":"2024-12-31T16:57:31","slug":"vol-28-no-2-december-2024","status":"publish","type":"page","link":"https:\/\/els-journal.net\/wp\/?page_id=828","title":{"rendered":"Vol. 28 No. 2 &#8211; December 2024"},"content":{"rendered":"\n\n\n<h1>Vol. 28, No. 2 &#8211; December 2024<\/h1>\n<h4 style=\"text-decoration:none;\">Editor&#8217;s Column<\/h4>\n<h5>Mladen Knezic<\/h5>\n\n<h4 style=\"text-decoration:none;\">A Privacy-Preserving Secure Data Processing Scheme for the Internet of Medical Things<\/h4>\n<h5>Ying Huang and Yongmei Su<\/h5>\n\n<h4 style=\"text-decoration:none;\">Deceptive Maneuvers: Subverting CNN-AdaBoost Model for Energy Theft Detection<\/h4>\n<h5>Santosh Nirmal and Pramod Patil<\/h5>\n\n<h4 style=\"text-decoration:none;\">Analog Circuits Fault Diagnosis Using ISM Technique and a GA-SVM Classifier Approach<\/h4>\n<h5>Sabah Kouachi, Nacerdine Bourouba, Kamel Mebarkia, and Imad Laidani<\/h5>\n\n<h4 style=\"text-decoration:none;\">Locally Optimal PI Controller for a Two-Tank System<\/h4>\n<h5>Igor Kr\u010dmar, Velibor \u0110ali\u0107, Aleksandar Raki\u0107, and Petar Mari\u0107<\/h5>\n\n<h4>Download full issue<\/h4>\n\n\n","protected":false},"excerpt":{"rendered":"","protected":false},"author":1,"featured_media":0,"parent":0,"menu_order":0,"comment_status":"closed","ping_status":"closed","template":"","meta":{"footnotes":""},"class_list":["post-828","page","type-page","status-publish","hentry"],"_links":{"self":[{"href":"https:\/\/els-journal.net\/wp\/index.php?rest_route=\/wp\/v2\/pages\/828","targetHints":{"allow":["GET"]}}],"collection":[{"href":"https:\/\/els-journal.net\/wp\/index.php?rest_route=\/wp\/v2\/pages"}],"about":[{"href":"https:\/\/els-journal.net\/wp\/index.php?rest_route=\/wp\/v2\/types\/page"}],"author":[{"embeddable":true,"href":"https:\/\/els-journal.net\/wp\/index.php?rest_route=\/wp\/v2\/users\/1"}],"replies":[{"embeddable":true,"href":"https:\/\/els-journal.net\/wp\/index.php?rest_route=%2Fwp%2Fv2%2Fcomments&post=828"}],"version-history":[{"count":8,"href":"https:\/\/els-journal.net\/wp\/index.php?rest_route=\/wp\/v2\/pages\/828\/revisions"}],"predecessor-version":[{"id":856,"href":"https:\/\/els-journal.net\/wp\/index.php?rest_route=\/wp\/v2\/pages\/828\/revisions\/856"}],"wp:attachment":[{"href":"https:\/\/els-journal.net\/wp\/index.php?rest_route=%2Fwp%2Fv2%2Fmedia&parent=828"}],"curies":[{"name":"wp","href":"https:\/\/api.w.org\/{rel}","templated":true}]}}