{"id":76,"date":"2021-08-12T13:06:01","date_gmt":"2021-08-12T13:06:01","guid":{"rendered":"https:\/\/els-journal.net\/wp\/about\/"},"modified":"2021-08-13T12:13:23","modified_gmt":"2021-08-13T12:13:23","slug":"editorial-board","status":"publish","type":"page","link":"https:\/\/els-journal.net\/wp\/?page_id=76","title":{"rendered":"Editorial Board"},"content":{"rendered":"\n\n\n\n<h3>Editor-in-Chief<\/h3>\n\n\n<p>Mladen Kne\u017ei\u0107, University of Banja Luka, Bosnia and Herzegovina<\/p><p>E-mail: els-eic@etf.unibl.org<\/p>\n\n\n<h3>Founder and Honorary Editor-in-Chief:<\/h3>\n\n\n<p><span style=\"font-family: tahoma, arial, sans-serif; font-size: 12px; font-style: normal; font-variant-ligatures: normal; font-variant-caps: normal; font-weight: 400; text-align: justify;\">Branko Doki\u0107, University of Banja Luka, Bosnia and Herzegovina<\/span><br style=\"font-family: tahoma, arial, sans-serif; font-size: 12px; text-align: justify;\"><span style=\"font-family: tahoma, arial, sans-serif; font-size: 12px; font-style: normal; font-variant-ligatures: normal; font-variant-caps: normal; font-weight: 400; text-align: justify;\">E-mail: branko.dokic@etf.unibl.org<\/span><br><\/p>\n\n\n<h3>Managing Editors:<\/h3>\n\n\n<p>Mitar Simi\u0107, University of Banja Luka, Bosnia and Herzegovina<\/p><p>Aleksandar Pajkanovi\u0107, University of Banja Luka, Bosnia and Herzegovina<\/p><p>E-mail: els-journal@etf.unibl.org<\/p>\n\n\n<h3>Editorial Board:<\/h3>\n\n\n<p>Prof. Zdenka Babi\u0107, University of Banja Luka, Bosnia and Herzegovina<\/p><p>Prof. Branko Blanu\u0161a, University of Banja Luka, Bosnia and Herzegovina<\/p><p>Prof. Octavio Nieto-Taladriz Garcia, Polytechnic University of Madrid, Spain<\/p><p>Prof. Zoran \u0110uri\u0107, University of Banja Luka, Bosnia and Herzegovina<\/p><p>Dr Zoran Jak\u0161i\u0107, IHTM, Serbia<\/p><p>Prof. Tom J. Kazmierski, University of Southampton, United Kingdom<\/p><p>Prof. Danilo Mandi\u0107, Imperial College, London, United Kingdom<\/p><p>Prof. Darko Mar\u010deti\u0107, University of Novi Sad, Serbia<\/p><p>Prof. Sohrab Mirsaeidi, Beijing Jiaotong University, China<\/p><p>Prof. Predrag Pejovi\u0107, University of Belgrade, Serbia<\/p><p>Prof. Tatjana Pe\u0161i\u0107-Br\u0111anin, University of Banja Luka, Bosnia and Herzegovina<\/p><p>Prof. Vladimir Risojevi\u0107, University of Banja Luka, Bosnia and Herzegovina<\/p><p>Prof. Mitar Simi\u0107, University of Banja Luka, Bosnia and Herzegovina<\/p><p>Prof. Paul Sotiriadis, National Technical University of Athens, Greece<\/p><p>Prof. Robert \u0160obot, Western University, Canada<\/p><p>Prof. Volker Zerbe, University of Applied Sciences of Erfurt, Germany<\/p>\n\n\n<h3>Honorary Editorial Board:<\/h3>\n\n\n<p>Prof. Goce Arsov, St. Cyril and Methodius University, North Macedonia<\/p><p>Prof. Milorad Bo\u017ei\u0107, University of Banja Luka, Bosnia and Herzegovina<\/p><p>Prof. Vladimir Kati\u0107, University of Novi Sad, Serbia<\/p><p>Prof. Van\u010do Litovski, University of Ni\u0161, Serbia<\/p><p>Prof. Bratislav Milovanovi\u0107, University of Ni\u0161, Serbia<\/p><p>Prof. Vojin Oklobd\u017eija, University of Texas at Austin, USA<\/p><p>Prof. Slobodan Vukosavi\u0107, University of Belgrade, Serbia<\/p>\n\n\n\n","protected":false},"excerpt":{"rendered":"","protected":false},"author":1,"featured_media":0,"parent":0,"menu_order":0,"comment_status":"closed","ping_status":"closed","template":"","meta":{"footnotes":""},"class_list":["post-76","page","type-page","status-publish","hentry"],"_links":{"self":[{"href":"https:\/\/els-journal.net\/wp\/index.php?rest_route=\/wp\/v2\/pages\/76","targetHints":{"allow":["GET"]}}],"collection":[{"href":"https:\/\/els-journal.net\/wp\/index.php?rest_route=\/wp\/v2\/pages"}],"about":[{"href":"https:\/\/els-journal.net\/wp\/index.php?rest_route=\/wp\/v2\/types\/page"}],"author":[{"embeddable":true,"href":"https:\/\/els-journal.net\/wp\/index.php?rest_route=\/wp\/v2\/users\/1"}],"replies":[{"embeddable":true,"href":"https:\/\/els-journal.net\/wp\/index.php?rest_route=%2Fwp%2Fv2%2Fcomments&post=76"}],"version-history":[{"count":4,"href":"https:\/\/els-journal.net\/wp\/index.php?rest_route=\/wp\/v2\/pages\/76\/revisions"}],"predecessor-version":[{"id":178,"href":"https:\/\/els-journal.net\/wp\/index.php?rest_route=\/wp\/v2\/pages\/76\/revisions\/178"}],"wp:attachment":[{"href":"https:\/\/els-journal.net\/wp\/index.php?rest_route=%2Fwp%2Fv2%2Fmedia&parent=76"}],"curies":[{"name":"wp","href":"https:\/\/api.w.org\/{rel}","templated":true}]}}